{"id":11039,"date":"2024-06-28T13:02:34","date_gmt":"2024-06-28T13:02:34","guid":{"rendered":"https:\/\/www.calleplant.be\/acheter-des-cerisiers-en-ligne-2\/"},"modified":"2025-03-26T08:38:28","modified_gmt":"2025-03-26T08:38:28","slug":"acheter-des-cerisiers-en-ligne-2","status":"publish","type":"page","link":"https:\/\/www.calleplant.be\/fr\/arbres-fruitiers\/acheter-des-cerisiers-en-ligne-2\/","title":{"rendered":"Acheter des cerisiers en ligne"},"content":{"rendered":"<div class=\"wpb-content-wrapper\"><p>[vc_row kd_background_image_position=&#8221;vc_row-bg-position-top&#8221; css=&#8221;.vc_custom_1606146883027{margin-bottom: 100px !important;}&#8221;][vc_column][vc_row_inner kd_background_image_position=&#8221;vc_row-bg-position-top&#8221; css=&#8221;.vc_custom_1705653369437{padding-top: 100px !important;}&#8221;][vc_column_inner width=&#8221;1\/2&#8243;][vc_column_text]<\/p>\n<h2>Vous souhaitez acheter un cerisier ? D\u00e9couvrez nos cerisiers<\/h2>\n<p>Les cerisiers sont un merveilleux compl\u00e9ment \u00e0 tout jardin. Ils offrent non seulement des fruits d\u00e9licieux, mais aussi une floraison \u00e9clatante au printemps. Les cerisiers peuvent \u00eatre entretenus relativement facilement et ils ajoutent une valeur esth\u00e9tique et pratique \u00e0 votre espace ext\u00e9rieur.[\/vc_column_text][vc_empty_space]<a  href=\"https:\/\/b2c.calleplant.be\/fr_BE\/shop\/category\/fruitiers-cerisiers-17\"  target=\"_blank\"  title=\"\"  class=\"tt_button tt_primary_button btn_primary_color  btn-align-left button-action-link icon_left  kd-animated zoomIn add-margin-right\" data-animation-delay=200><span class=\"fas fa-arrow-right iconita\" ><\/span><span class=\"prim_text\">Acheter des cerisiers ? Visitez notre boutique en ligne<\/span><\/a>[\/vc_column_inner][vc_column_inner width=&#8221;1\/2&#8243;][vc_single_image image=&#8221;10850&#8243; img_size=&#8221;full&#8221;][\/vc_column_inner][\/vc_row_inner][\/vc_column][\/vc_row][vc_row full_width=&#8221;stretch_row&#8221; kd_background_image_position=&#8221;vc_row-bg-position-top&#8221; kd_background_overlay=&#8221;true&#8221; css=&#8221;.vc_custom_1706038112224{margin-top: 50px !important;padding-top: 50px !important;padding-bottom: 50px !important;}&#8221;][vc_column][vc_row_inner kd_background_image_position=&#8221;vc_row-bg-position-top&#8221;][vc_column_inner width=&#8221;1\/2&#8243;][vc_single_image image=&#8221;10853&#8243; img_size=&#8221;full&#8221;][\/vc_column_inner][vc_column_inner width=&#8221;1\/2&#8243;][vc_column_text]<\/p>\n<h2>Qu&#8217;est-ce qu&#8217;une cerise ?<\/h2>\n<p>Les cerises sont les fruits du cerisier, appartenant au genre Prunus. Il existe deux types principaux de cerises : les cerises douces (Prunus avium) et les cerises acides (Prunus cerasus). Les cerises douces ont tendance \u00e0 \u00eatre plus grosses, plus juteuses et sont g\u00e9n\u00e9ralement consomm\u00e9es fra\u00eeches, tandis que les cerises acides sont plus petites et plus acides, id\u00e9ales pour la pr\u00e9paration de tartes, de confitures et d&#8217;autres usages culinaires. Les cerises sont riches en vitamines, en min\u00e9raux et en antioxydants, ce qui les rend non seulement d\u00e9licieuses mais aussi saines.<\/p>\n<h3>Les avantages d&#8217;un cerisier dans votre jardin<\/h3>\n<p>Un cerisier dans votre jardin apporte de nombreux avantages :<\/p>\n<ul>\n<li><strong>Valeur esth\u00e9tique<\/strong>: Les cerisiers sont connus pour leur magnifique floraison au printemps. Ces fleurs, souvent blanches ou roses, suscitent beaucoup d&#8217;admiration et donnent \u00e0 votre jardin un aspect enchanteur.<\/li>\n<li><strong>Des fruits frais<\/strong>: Rien ne vaut le go\u00fbt des cerises fra\u00eechement cueillies dans votre jardin. La sensation de r\u00e9colter ses propres fruits est tr\u00e8s satisfaisante et vous savez exactement ce que vous mangez, sans vous soucier des pesticides ou d&#8217;autres produits chimiques.<\/li>\n<li><strong>Avantage \u00e9cologique<\/strong>: les cerisiers soutiennent les \u00e9cosyst\u00e8mes locaux. Ils attirent les abeilles et d&#8217;autres pollinisateurs, contribuant ainsi \u00e0 la biodiversit\u00e9 dans votre jardin. En outre, ils fournissent de l&#8217;ombre et peuvent contribuer \u00e0 stabiliser le sol.<\/li>\n<li><strong>Avantages pour la sant\u00e9 :<\/strong> Les cerises contiennent des antioxydants tels que les vitamines C et E, et des anthocyanes qui ont des propri\u00e9t\u00e9s anti-inflammatoires. Elles peuvent contribuer \u00e0 r\u00e9duire les douleurs musculaires, \u00e0 am\u00e9liorer le sommeil et \u00e0 diminuer le risque de maladies chroniques.<\/li>\n<\/ul>\n<p>[\/vc_column_text][vc_empty_space]<a  href=\"https:\/\/www.calleplant.be\/fr\/conseils-arbres-fruitiers\/\"  target=\"_self\"  title=\"\"  class=\"tt_button tt_primary_button btn_primary_color  btn-align-left button-action-link icon_left  kd-animated zoomIn add-margin-right\" data-animation-delay=200><span class=\"fas fa-arrow-right iconita\" ><\/span><span class=\"prim_text\">Vous voulez en savoir plus sur les arbres fruitiers ? Lisez nos conseils<\/span><\/a>[\/vc_column_inner][\/vc_row_inner][\/vc_column][\/vc_row][vc_row kd_background_image_position=&#8221;vc_row-bg-position-top&#8221; css=&#8221;.vc_custom_1706038065280{padding-bottom: 50px !important;}&#8221;][vc_column][vc_row_inner kd_background_image_position=&#8221;vc_row-bg-position-top&#8221; css=&#8221;.vc_custom_1705653369437{padding-top: 100px !important;}&#8221;][vc_column_inner width=&#8221;1\/2&#8243;][vc_column_text]<\/p>\n<h2>Quel est le meilleur endroit pour planter un cerisier dans votre jardin ?<\/h2>\n<p>Lors de la plantation d&#8217;un cerisier, l&#8217;emplacement est crucial pour une croissance saine et une production optimale de fruits. Voici quelques conseils :<\/p>\n<ul>\n<li><strong>Soleil<\/strong>: Les cerisiers ont besoin de plein soleil, au moins six \u00e0 huit heures par jour. Veillez \u00e0 ce que l&#8217;emplacement ne soit pas ombrag\u00e9 par d&#8217;autres arbres ou b\u00e2timents.<\/li>\n<li><strong>Sol<\/strong>: Les cerisiers se plaisent dans un sol bien drain\u00e9 et fertile. Un pH entre 6,0 et 7,0 est id\u00e9al. \u00c9vitez les sols argileux lourds ou les zones o\u00f9 l&#8217;eau s&#8217;accumule.<\/li>\n<li><strong>Espace<\/strong>: Veillez \u00e0 ce qu&#8217;il y ait suffisamment d&#8217;espace autour de l&#8217;arbre. Les cerisiers ont besoin d&#8217;espace pour grandir et respirer. Pour les cerisiers sur porte-greffe colt, une distance de 6 \u00e0 8 m\u00e8tres entre les arbres est id\u00e9ale. Pour les vari\u00e9t\u00e9s sur porte-greffe Gisela, 3 \u00e0 4 m\u00e8tres suffisent. Pour les haut-tige il faut pr\u00e9voir 10 \u00e0 12 m\u00e8tre.<\/li>\n<\/ul>\n<p>[\/vc_column_text][vc_empty_space]<a  href=\"https:\/\/b2c.calleplant.be\/fr_BE\/shop\/category\/fruitiers-cerisiers-17\"  target=\"_blank\"  title=\"\"  class=\"tt_button tt_primary_button btn_primary_color  btn-align-left button-action-link icon_left  kd-animated zoomIn add-margin-right\" data-animation-delay=200><span class=\"fas fa-arrow-right iconita\" ><\/span><span class=\"prim_text\">Vous voulez acheter des cerisiers ? Visitez notre boutique en ligne<\/span><\/a>[\/vc_column_inner][vc_column_inner width=&#8221;1\/2&#8243;][vc_single_image image=&#8221;10852&#8243; img_size=&#8221;full&#8221;][\/vc_column_inner][\/vc_row_inner][\/vc_column][\/vc_row][vc_row kd_background_image_position=&#8221;vc_row-bg-position-top&#8221; css=&#8221;.vc_custom_1706038072168{padding-top: 50px !important;padding-bottom: 100px !important;}&#8221;][vc_column][vc_column_text css=&#8221;.vc_custom_1719579472189{padding-bottom: 25px !important;}&#8221;]<\/p>\n<h2 style=\"text-align: center;\">Questions fr\u00e9quemment pos\u00e9es sur les cerisiers<\/h2>\n<p>[\/vc_column_text][vc_row_inner kd_background_image_position=&#8221;vc_row-bg-position-top&#8221;][vc_column_inner][vc_toggle title=&#8221;De quelle quantit\u00e9 d&#8217;eau un cerisier a-t-il besoin ?&#8221;]Les cerisiers ont besoin d&#8217;un arrosage r\u00e9gulier les premi\u00e8res ann\u00e9es, surtout pendant les p\u00e9riodes de s\u00e9cheresse. Un arrosage profond est pr\u00e9f\u00e9rable \u00e0 un arrosage fr\u00e9quent et superficiel.[\/vc_toggle][vc_toggle title=&#8221;Au bout de combien d&#8217;ann\u00e9es l&#8217;arbre commence-t-il \u00e0 porter des cerises ?&#8221;]Selon la vari\u00e9t\u00e9 et les conditions de croissance, un cerisier peut mettre 3 \u00e0 5 ans pour porter des fruits.[\/vc_toggle][vc_toggle title=&#8221;Quand dois-je tailler mon cerisier ?&#8221;]Taillez votre cerisier seulement en \u00e9t\u00e9. Ne taillez pas si ne pas n\u00e9cessaire.[\/vc_toggle][vc_toggle title=&#8221;Comment prot\u00e9ger un cerisier contre les maladies et les parasites ?&#8221;]Une inspection r\u00e9guli\u00e8re et un bon entretien du jardin sont essentiels. Les cerisiers ont peu de probl\u00e8me de parasites. Si n\u00e9cessaire, utilisez des pesticides respectueux de l&#8217;environnement. Une bonne circulation de l&#8217;air autour de l&#8217;arbre peut \u00e9galement contribuer \u00e0 pr\u00e9venir les maladies fongiques.[\/vc_toggle][vc_toggle title=&#8221;Les cerisiers peuvent-ils \u00eatre cultiv\u00e9s en pots ?&#8221;]Oui, un cerisier sur un porte greffe faible peut bien pousser dans de grands pots. Veillez \u00e0 ce que le pot soit bien drain\u00e9 et que l&#8217;arbre re\u00e7oive suffisamment de lumi\u00e8re du soleil.[\/vc_toggle][\/vc_column_inner][\/vc_row_inner][\/vc_column][\/vc_row][vc_row kd_background_image_position=&#8221;vc_row-bg-position-top&#8221; css=&#8221;.vc_custom_1706026279681{padding-bottom: 75px !important;}&#8221;][vc_column]<div class=\"mg-gallery mg-container row three-columns\" ><div class=\"mg-sizer\"><\/div><div class=\"mg-single-img small-masonry-img\"><a data-size=\"1280x1920\" href=https:\/\/www.calleplant.be\/wp-content\/uploads\/2024\/09\/kers-4.jpg  ><img loading=\"lazy\" decoding=\"async\" width=\"1280\" height=\"1920\" src=\"https:\/\/www.calleplant.be\/wp-content\/uploads\/2024\/09\/kers-4.jpg\" class=\"attachment-full\" alt=\"\" title=\"kers (4)\" srcset=\"https:\/\/www.calleplant.be\/wp-content\/uploads\/2024\/09\/kers-4.jpg 1280w, https:\/\/www.calleplant.be\/wp-content\/uploads\/2024\/09\/kers-4-200x300.jpg 200w, https:\/\/www.calleplant.be\/wp-content\/uploads\/2024\/09\/kers-4-683x1024.jpg 683w, https:\/\/www.calleplant.be\/wp-content\/uploads\/2024\/09\/kers-4-768x1152.jpg 768w, https:\/\/www.calleplant.be\/wp-content\/uploads\/2024\/09\/kers-4-1024x1536.jpg 1024w\" sizes=\"auto, (max-width: 1280px) 100vw, 1280px\" \/><\/a><\/div><div class=\"mg-single-img small-masonry-img\"><a data-size=\"1280x1920\" href=https:\/\/www.calleplant.be\/wp-content\/uploads\/2024\/09\/kers-2.jpg  ><img loading=\"lazy\" decoding=\"async\" width=\"1280\" height=\"1920\" src=\"https:\/\/www.calleplant.be\/wp-content\/uploads\/2024\/09\/kers-2.jpg\" class=\"attachment-full\" alt=\"\" title=\"kers (2)\" srcset=\"https:\/\/www.calleplant.be\/wp-content\/uploads\/2024\/09\/kers-2.jpg 1280w, https:\/\/www.calleplant.be\/wp-content\/uploads\/2024\/09\/kers-2-200x300.jpg 200w, https:\/\/www.calleplant.be\/wp-content\/uploads\/2024\/09\/kers-2-683x1024.jpg 683w, https:\/\/www.calleplant.be\/wp-content\/uploads\/2024\/09\/kers-2-768x1152.jpg 768w, https:\/\/www.calleplant.be\/wp-content\/uploads\/2024\/09\/kers-2-1024x1536.jpg 1024w\" sizes=\"auto, (max-width: 1280px) 100vw, 1280px\" \/><\/a><\/div><div class=\"mg-single-img small-masonry-img\"><a data-size=\"1440x1920\" href=https:\/\/www.calleplant.be\/wp-content\/uploads\/2024\/09\/kers.jpg  ><img loading=\"lazy\" decoding=\"async\" width=\"1440\" height=\"1920\" src=\"https:\/\/www.calleplant.be\/wp-content\/uploads\/2024\/09\/kers.jpg\" class=\"attachment-full\" alt=\"\" title=\"kers\" srcset=\"https:\/\/www.calleplant.be\/wp-content\/uploads\/2024\/09\/kers.jpg 1440w, https:\/\/www.calleplant.be\/wp-content\/uploads\/2024\/09\/kers-225x300.jpg 225w, https:\/\/www.calleplant.be\/wp-content\/uploads\/2024\/09\/kers-768x1024.jpg 768w, https:\/\/www.calleplant.be\/wp-content\/uploads\/2024\/09\/kers-1152x1536.jpg 1152w\" sizes=\"auto, (max-width: 1440px) 100vw, 1440px\" \/><\/a><\/div><div class=\"mg-single-img small-masonry-img\"><a data-size=\"1920x1280\" href=https:\/\/www.calleplant.be\/wp-content\/uploads\/2024\/09\/kers-7.jpg  ><img loading=\"lazy\" decoding=\"async\" width=\"1920\" height=\"1280\" src=\"https:\/\/www.calleplant.be\/wp-content\/uploads\/2024\/09\/kers-7.jpg\" class=\"attachment-full\" alt=\"\" title=\"kersenbloesems\" srcset=\"https:\/\/www.calleplant.be\/wp-content\/uploads\/2024\/09\/kers-7.jpg 1920w, https:\/\/www.calleplant.be\/wp-content\/uploads\/2024\/09\/kers-7-300x200.jpg 300w, https:\/\/www.calleplant.be\/wp-content\/uploads\/2024\/09\/kers-7-1024x683.jpg 1024w, https:\/\/www.calleplant.be\/wp-content\/uploads\/2024\/09\/kers-7-768x512.jpg 768w, https:\/\/www.calleplant.be\/wp-content\/uploads\/2024\/09\/kers-7-1536x1024.jpg 1536w\" sizes=\"auto, (max-width: 1920px) 100vw, 1920px\" \/><\/a><\/div><\/div>[\/vc_column][\/vc_row][vc_row full_width=&#8221;stretch_row&#8221; kd_background_image_position=&#8221;vc_row-bg-position-top&#8221; kd_background_overlay=&#8221;true&#8221; css=&#8221;.vc_custom_1706036673260{padding-top: 80px !important;padding-bottom: 80px !important;}&#8221; css_tablet_landscape=&#8221;.vc_custom_1706036673260{padding-bottom: 250px !important;}&#8221; css_tablet_portrait=&#8221;.vc_custom_1706036673260{padding-top: 100px !important;padding-bottom: 140px !important;}&#8221; css_mobile=&#8221;.vc_custom_1706036673261{padding-top: 100px !important;padding-bottom: 100px !important;}&#8221;][vc_column][vc_row_inner kd_background_image_position=&#8221;vc_row-bg-position-top&#8221;][vc_column_inner]<header class=\"kd-section-title col-lg-12 text-center  subtitle-below-title   \" ><h2 class=\"separator_off\" >Acheter des cerisiers \u00e0 Calle Plant ?<\/h2><\/header><a  href=\"https:\/\/www.calleplant.be\/fr\/?page_id=10983\"  target=\"_self\"  title=\"\"  class=\"tt_button tt_primary_button btn_primary_color  button-center button-action-link   kd-animated zoomIn add-margin-right\" data-animation-delay=200><span class=\"prim_text\">Contactez nous<\/span><\/a>[\/vc_column_inner][\/vc_row_inner][\/vc_column][\/vc_row]<\/p>\n<\/div>","protected":false},"excerpt":{"rendered":"<p>[vc_row kd_background_image_position=&#8221;vc_row-bg-position-top&#8221; css=&#8221;.vc_custom_1606146883027{margin-bottom: 100px !important;}&#8221;][vc_column][vc_row_inner kd_background_image_position=&#8221;vc_row-bg-position-top&#8221; css=&#8221;.vc_custom_1705653369437{padding-top: 100px !important;}&#8221;][vc_column_inner width=&#8221;1\/2&#8243;][vc_column_text] Vous souhaitez acheter un cerisier ? D\u00e9couvrez nos cerisiers Les [&hellip;]<\/p>\n","protected":false},"author":1,"featured_media":0,"parent":11192,"menu_order":0,"comment_status":"closed","ping_status":"closed","template":"","meta":{"footnotes":""},"class_list":["post-11039","page","type-page","status-publish","hentry"],"yoast_head":"<!-- This site is optimized with the Yoast SEO plugin v22.1 - https:\/\/yoast.com\/wordpress\/plugins\/seo\/ -->\n<title>Acheter des cerisiers de qualit\u00e9 sup\u00e9rieure en ligne ? - Calle-Plant<\/title>\n<meta name=\"description\" content=\"Vous achetez des cerisiers pour votre jardin ? \u2714\ufe0f Calle-Plant vous propose des cerisiers cultiv\u00e9s sur place. \u2714\ufe0f Achetez votre cerisier de qualit\u00e9 sup\u00e9rieure directement chez le planteur.\" \/>\n<meta name=\"robots\" content=\"index, follow, max-snippet:-1, max-image-preview:large, max-video-preview:-1\" \/>\n<link rel=\"canonical\" href=\"https:\/\/www.calleplant.be\/fr\/arbres-fruitiers\/acheter-des-cerisiers-en-ligne-2\/\" \/>\n<meta property=\"og:locale\" content=\"fr_FR\" \/>\n<meta property=\"og:type\" content=\"article\" \/>\n<meta property=\"og:title\" content=\"Acheter des cerisiers de qualit\u00e9 sup\u00e9rieure en ligne ? - Calle-Plant\" \/>\n<meta property=\"og:description\" content=\"Vous achetez des cerisiers pour votre jardin ? \u2714\ufe0f Calle-Plant vous propose des cerisiers cultiv\u00e9s sur place. \u2714\ufe0f Achetez votre cerisier de qualit\u00e9 sup\u00e9rieure directement chez le planteur.\" \/>\n<meta property=\"og:url\" content=\"https:\/\/www.calleplant.be\/fr\/arbres-fruitiers\/acheter-des-cerisiers-en-ligne-2\/\" \/>\n<meta property=\"og:site_name\" content=\"Calle-Plant\" \/>\n<meta property=\"article:modified_time\" content=\"2025-03-26T08:38:28+00:00\" \/>\n<meta name=\"twitter:card\" content=\"summary_large_image\" \/>\n<meta name=\"twitter:label1\" content=\"Dur\u00e9e de lecture estim\u00e9e\" \/>\n\t<meta name=\"twitter:data1\" content=\"6 minutes\" \/>\n<script type=\"application\/ld+json\" class=\"yoast-schema-graph\">{\"@context\":\"https:\/\/schema.org\",\"@graph\":[{\"@type\":\"WebPage\",\"@id\":\"https:\/\/www.calleplant.be\/fr\/arbres-fruitiers\/acheter-des-cerisiers-en-ligne-2\/\",\"url\":\"https:\/\/www.calleplant.be\/fr\/arbres-fruitiers\/acheter-des-cerisiers-en-ligne-2\/\",\"name\":\"Acheter des cerisiers de qualit\u00e9 sup\u00e9rieure en ligne ? - Calle-Plant\",\"isPartOf\":{\"@id\":\"https:\/\/www.calleplant.be\/fr\/#website\"},\"datePublished\":\"2024-06-28T13:02:34+00:00\",\"dateModified\":\"2025-03-26T08:38:28+00:00\",\"description\":\"Vous achetez des cerisiers pour votre jardin ? \u2714\ufe0f Calle-Plant vous propose des cerisiers cultiv\u00e9s sur place. \u2714\ufe0f Achetez votre cerisier de qualit\u00e9 sup\u00e9rieure directement chez le planteur.\",\"breadcrumb\":{\"@id\":\"https:\/\/www.calleplant.be\/fr\/arbres-fruitiers\/acheter-des-cerisiers-en-ligne-2\/#breadcrumb\"},\"inLanguage\":\"fr-FR\",\"potentialAction\":[{\"@type\":\"ReadAction\",\"target\":[\"https:\/\/www.calleplant.be\/fr\/arbres-fruitiers\/acheter-des-cerisiers-en-ligne-2\/\"]}]},{\"@type\":\"BreadcrumbList\",\"@id\":\"https:\/\/www.calleplant.be\/fr\/arbres-fruitiers\/acheter-des-cerisiers-en-ligne-2\/#breadcrumb\",\"itemListElement\":[{\"@type\":\"ListItem\",\"position\":1,\"name\":\"Home\",\"item\":\"https:\/\/www.calleplant.be\/fr\/\"},{\"@type\":\"ListItem\",\"position\":2,\"name\":\"Arbres fruitiers\",\"item\":\"https:\/\/www.calleplant.be\/fr\/arbres-fruitiers\/\"},{\"@type\":\"ListItem\",\"position\":3,\"name\":\"Acheter des cerisiers en ligne\"}]},{\"@type\":\"WebSite\",\"@id\":\"https:\/\/www.calleplant.be\/fr\/#website\",\"url\":\"https:\/\/www.calleplant.be\/fr\/\",\"name\":\"Calleplant Wetteren\",\"description\":\"\",\"potentialAction\":[{\"@type\":\"SearchAction\",\"target\":{\"@type\":\"EntryPoint\",\"urlTemplate\":\"https:\/\/www.calleplant.be\/fr\/?s={search_term_string}\"},\"query-input\":\"required name=search_term_string\"}],\"inLanguage\":\"fr-FR\"}]}<\/script>\n<!-- \/ Yoast SEO plugin. -->","yoast_head_json":{"title":"Acheter des cerisiers de qualit\u00e9 sup\u00e9rieure en ligne ? - Calle-Plant","description":"Vous achetez des cerisiers pour votre jardin ? \u2714\ufe0f Calle-Plant vous propose des cerisiers cultiv\u00e9s sur place. \u2714\ufe0f Achetez votre cerisier de qualit\u00e9 sup\u00e9rieure directement chez le planteur.","robots":{"index":"index","follow":"follow","max-snippet":"max-snippet:-1","max-image-preview":"max-image-preview:large","max-video-preview":"max-video-preview:-1"},"canonical":"https:\/\/www.calleplant.be\/fr\/arbres-fruitiers\/acheter-des-cerisiers-en-ligne-2\/","og_locale":"fr_FR","og_type":"article","og_title":"Acheter des cerisiers de qualit\u00e9 sup\u00e9rieure en ligne ? - Calle-Plant","og_description":"Vous achetez des cerisiers pour votre jardin ? \u2714\ufe0f Calle-Plant vous propose des cerisiers cultiv\u00e9s sur place. \u2714\ufe0f Achetez votre cerisier de qualit\u00e9 sup\u00e9rieure directement chez le planteur.","og_url":"https:\/\/www.calleplant.be\/fr\/arbres-fruitiers\/acheter-des-cerisiers-en-ligne-2\/","og_site_name":"Calle-Plant","article_modified_time":"2025-03-26T08:38:28+00:00","twitter_card":"summary_large_image","twitter_misc":{"Dur\u00e9e de lecture estim\u00e9e":"6 minutes"},"schema":{"@context":"https:\/\/schema.org","@graph":[{"@type":"WebPage","@id":"https:\/\/www.calleplant.be\/fr\/arbres-fruitiers\/acheter-des-cerisiers-en-ligne-2\/","url":"https:\/\/www.calleplant.be\/fr\/arbres-fruitiers\/acheter-des-cerisiers-en-ligne-2\/","name":"Acheter des cerisiers de qualit\u00e9 sup\u00e9rieure en ligne ? - Calle-Plant","isPartOf":{"@id":"https:\/\/www.calleplant.be\/fr\/#website"},"datePublished":"2024-06-28T13:02:34+00:00","dateModified":"2025-03-26T08:38:28+00:00","description":"Vous achetez des cerisiers pour votre jardin ? \u2714\ufe0f Calle-Plant vous propose des cerisiers cultiv\u00e9s sur place. \u2714\ufe0f Achetez votre cerisier de qualit\u00e9 sup\u00e9rieure directement chez le planteur.","breadcrumb":{"@id":"https:\/\/www.calleplant.be\/fr\/arbres-fruitiers\/acheter-des-cerisiers-en-ligne-2\/#breadcrumb"},"inLanguage":"fr-FR","potentialAction":[{"@type":"ReadAction","target":["https:\/\/www.calleplant.be\/fr\/arbres-fruitiers\/acheter-des-cerisiers-en-ligne-2\/"]}]},{"@type":"BreadcrumbList","@id":"https:\/\/www.calleplant.be\/fr\/arbres-fruitiers\/acheter-des-cerisiers-en-ligne-2\/#breadcrumb","itemListElement":[{"@type":"ListItem","position":1,"name":"Home","item":"https:\/\/www.calleplant.be\/fr\/"},{"@type":"ListItem","position":2,"name":"Arbres fruitiers","item":"https:\/\/www.calleplant.be\/fr\/arbres-fruitiers\/"},{"@type":"ListItem","position":3,"name":"Acheter des cerisiers en ligne"}]},{"@type":"WebSite","@id":"https:\/\/www.calleplant.be\/fr\/#website","url":"https:\/\/www.calleplant.be\/fr\/","name":"Calleplant Wetteren","description":"","potentialAction":[{"@type":"SearchAction","target":{"@type":"EntryPoint","urlTemplate":"https:\/\/www.calleplant.be\/fr\/?s={search_term_string}"},"query-input":"required name=search_term_string"}],"inLanguage":"fr-FR"}]}},"_links":{"self":[{"href":"https:\/\/www.calleplant.be\/fr\/wp-json\/wp\/v2\/pages\/11039","targetHints":{"allow":["GET"]}}],"collection":[{"href":"https:\/\/www.calleplant.be\/fr\/wp-json\/wp\/v2\/pages"}],"about":[{"href":"https:\/\/www.calleplant.be\/fr\/wp-json\/wp\/v2\/types\/page"}],"author":[{"embeddable":true,"href":"https:\/\/www.calleplant.be\/fr\/wp-json\/wp\/v2\/users\/1"}],"replies":[{"embeddable":true,"href":"https:\/\/www.calleplant.be\/fr\/wp-json\/wp\/v2\/comments?post=11039"}],"version-history":[{"count":7,"href":"https:\/\/www.calleplant.be\/fr\/wp-json\/wp\/v2\/pages\/11039\/revisions"}],"predecessor-version":[{"id":11967,"href":"https:\/\/www.calleplant.be\/fr\/wp-json\/wp\/v2\/pages\/11039\/revisions\/11967"}],"up":[{"embeddable":true,"href":"https:\/\/www.calleplant.be\/fr\/wp-json\/wp\/v2\/pages\/11192"}],"wp:attachment":[{"href":"https:\/\/www.calleplant.be\/fr\/wp-json\/wp\/v2\/media?parent=11039"}],"curies":[{"name":"wp","href":"https:\/\/api.w.org\/{rel}","templated":true}]}}